{"id":5726,"date":"2021-02-12T21:24:24","date_gmt":"2021-02-12T20:24:24","guid":{"rendered":"https:\/\/przylep.edu.pl\/przedszkole\/?page_id=5726"},"modified":"2026-03-05T14:01:45","modified_gmt":"2026-03-05T13:01:45","slug":"rekrutacja","status":"publish","type":"page","link":"https:\/\/przylep.edu.pl\/przedszkole\/rekrutacja\/","title":{"rendered":"Rekrutacja PP"},"content":{"rendered":"\n<h2 class=\"wp-block-heading\">NAB\u00d3R DO PRZEDSZKOLA W PRZYLEPIE 2026\/2027<\/h2>\n\n\n\n<p>Rekrutacja do PP, zasady w dokumencie poni\u017cej:<\/p>\n\n\n\n<h2 class=\"wp-block-heading\"><\/h2>\n\n\n\n<div data-wp-interactive=\"core\/file\" class=\"wp-block-file\"><object data-wp-bind--hidden=\"!state.hasPdfPreview\" hidden class=\"wp-block-file__embed\" data=\"https:\/\/przylep.edu.pl\/przedszkole\/wp-content\/uploads\/2026\/03\/Zarzadzenie-11-2026-w-sprawie-ustalenia-terminow-przeprowadzenia-postepowania-rekrutacyjnego-do-przedszkoli-1.pdf\" type=\"application\/pdf\" style=\"width:100%;height:600px\" aria-label=\"Osadzone z Zarz\u0105dzenie 11-2026 w sprawie ustalenia termin\u00f3w przeprowadzenia post\u0119powania rekrutacyjnego do przedszkoli.\"><\/object><a id=\"wp-block-file--media-2bfc19d8-c3e3-4783-80d8-1692d7bbd29f\" href=\"https:\/\/przylep.edu.pl\/przedszkole\/wp-content\/uploads\/2026\/03\/Zarzadzenie-11-2026-w-sprawie-ustalenia-terminow-przeprowadzenia-postepowania-rekrutacyjnego-do-przedszkoli-1.pdf\">Zarz\u0105dzenie 11-2026 w sprawie ustalenia termin\u00f3w przeprowadzenia post\u0119powania rekrutacyjnego do przedszkoli<\/a><a href=\"https:\/\/przylep.edu.pl\/przedszkole\/wp-content\/uploads\/2026\/03\/Zarzadzenie-11-2026-w-sprawie-ustalenia-terminow-przeprowadzenia-postepowania-rekrutacyjnego-do-przedszkoli-1.pdf\" class=\"wp-block-file__button wp-element-button\" download aria-describedby=\"wp-block-file--media-2bfc19d8-c3e3-4783-80d8-1692d7bbd29f\">Pobierz<\/a><\/div>\n\n\n\n<div data-wp-interactive=\"core\/file\" class=\"wp-block-file\"><object data-wp-bind--hidden=\"!state.hasPdfPreview\" hidden class=\"wp-block-file__embed\" data=\"https:\/\/przylep.edu.pl\/przedszkole\/wp-content\/uploads\/2026\/03\/INFORMATOR-DLA-RODZICOW.pdf\" type=\"application\/pdf\" style=\"width:100%;height:600px\" aria-label=\"Osadzone z INFORMATOR DLA RODZIC\u00d3W.\"><\/object><a id=\"wp-block-file--media-0fb01937-9e9c-45b5-b30a-dfa79e643f64\" href=\"https:\/\/przylep.edu.pl\/przedszkole\/wp-content\/uploads\/2026\/03\/INFORMATOR-DLA-RODZICOW.pdf\">INFORMATOR DLA RODZIC\u00d3W<\/a><a href=\"https:\/\/przylep.edu.pl\/przedszkole\/wp-content\/uploads\/2026\/03\/INFORMATOR-DLA-RODZICOW.pdf\" class=\"wp-block-file__button wp-element-button\" download aria-describedby=\"wp-block-file--media-0fb01937-9e9c-45b5-b30a-dfa79e643f64\">Pobierz<\/a><\/div>\n\n\n\n<p><\/p>\n\n\n\n<div data-wp-interactive=\"core\/file\" class=\"wp-block-file\"><object data-wp-bind--hidden=\"!state.hasPdfPreview\" hidden class=\"wp-block-file__embed\" data=\"https:\/\/przylep.edu.pl\/przedszkole\/wp-content\/uploads\/2024\/03\/Uchwala-nr-XVI-193-2020-Rady-Gminy-Kolbaskowo-z-dnia-2-marca-2020-r.pdf\" type=\"application\/pdf\" style=\"width:100%;height:600px\" aria-label=\"Osadzone z Uchwala-nr-XVI-193-2020-Rady-Gminy-Kolbaskowo-z-dnia-2-marca-2020-r.\"><\/object><a id=\"wp-block-file--media-9b5afca1-6525-4c7b-8537-20f5b20de912\" href=\"https:\/\/przylep.edu.pl\/przedszkole\/wp-content\/uploads\/2024\/03\/Uchwala-nr-XVI-193-2020-Rady-Gminy-Kolbaskowo-z-dnia-2-marca-2020-r.pdf\">Uchwala-nr-XVI-193-2020-Rady-Gminy-Kolbaskowo-z-dnia-2-marca-2020-r<\/a><a href=\"https:\/\/przylep.edu.pl\/przedszkole\/wp-content\/uploads\/2024\/03\/Uchwala-nr-XVI-193-2020-Rady-Gminy-Kolbaskowo-z-dnia-2-marca-2020-r.pdf\" class=\"wp-block-file__button wp-element-button\" download aria-describedby=\"wp-block-file--media-9b5afca1-6525-4c7b-8537-20f5b20de912\">Pobierz<\/a><\/div>\n\n\n\n<div class=\"wp-block-file\"><a href=\"blob:https:\/\/przylep.edu.pl\/b9dacde3-1f7c-4d3e-b787-e1b271bc1227\" class=\"wp-block-file__button wp-element-button\" download>Pobierz<\/a><\/div>\n\n\n\n<p><\/p>\n","protected":false},"excerpt":{"rendered":"<p>NAB\u00d3R DO PRZEDSZKOLA W PRZYLEPIE 2026\/2027 Rekrutacja do PP, zasady w dokumencie poni\u017cej:<\/p>\n","protected":false},"author":1,"featured_media":0,"parent":0,"menu_order":0,"comment_status":"closed","ping_status":"closed","template":"","meta":{"footnotes":""},"class_list":["post-5726","page","type-page","status-publish","hentry"],"_links":{"self":[{"href":"https:\/\/przylep.edu.pl\/przedszkole\/wp-json\/wp\/v2\/pages\/5726","targetHints":{"allow":["GET"]}}],"collection":[{"href":"https:\/\/przylep.edu.pl\/przedszkole\/wp-json\/wp\/v2\/pages"}],"about":[{"href":"https:\/\/przylep.edu.pl\/przedszkole\/wp-json\/wp\/v2\/types\/page"}],"author":[{"embeddable":true,"href":"https:\/\/przylep.edu.pl\/przedszkole\/wp-json\/wp\/v2\/users\/1"}],"replies":[{"embeddable":true,"href":"https:\/\/przylep.edu.pl\/przedszkole\/wp-json\/wp\/v2\/comments?post=5726"}],"version-history":[{"count":20,"href":"https:\/\/przylep.edu.pl\/przedszkole\/wp-json\/wp\/v2\/pages\/5726\/revisions"}],"predecessor-version":[{"id":12234,"href":"https:\/\/przylep.edu.pl\/przedszkole\/wp-json\/wp\/v2\/pages\/5726\/revisions\/12234"}],"wp:attachment":[{"href":"https:\/\/przylep.edu.pl\/przedszkole\/wp-json\/wp\/v2\/media?parent=5726"}],"curies":[{"name":"wp","href":"https:\/\/api.w.org\/{rel}","templated":true}]}}